{"id":15,"date":"2019-04-04T18:31:53","date_gmt":"2019-04-04T18:31:53","guid":{"rendered":"http:\/\/holofon.aurum-protector.hu\/?page_id=15"},"modified":"2025-10-31T08:24:10","modified_gmt":"2025-10-31T08:24:10","slug":"kapcsolat","status":"publish","type":"page","link":"https:\/\/www.holofon.hu\/en\/kapcsolat\/","title":{"rendered":"Contact"},"content":{"rendered":"<p><div class=\"fusion-fullwidth fullwidth-box fusion-parallax-none nonhundred-percent-fullwidth non-hundred-percent-height-scrolling\"  style='background-color: rgba(255,255,255,0);background-image: url(\"https:\/\/www.holofon.hu\/wp-content\/uploads\/2019\/04\/contact.jpg\");background-position: center center;background-repeat: no-repeat;padding-top:7%;padding-right:0px;padding-bottom:7%;padding-left:0px;-webkit-background-size:cover;-moz-background-size:cover;-o-background-size:cover;background-size:cover;'><div class=\"fusion-builder-row fusion-row \"><div  class=\"fusion-layout-column fusion_builder_column fusion_builder_column_1_1  fusion-one-full fusion-column-first fusion-column-last 1_1\"  style='margin-top:0px;margin-bottom:0px;'>\n\t\t\t\t\t<div class=\"fusion-column-wrapper\" style=\"padding: 0px 0px 0px 0px;background-position:left top;background-repeat:no-repeat;-webkit-background-size:cover;-moz-background-size:cover;-o-background-size:cover;background-size:cover;\"  data-bg-url=\"\">\n\t\t\t\t\t\t<div class=\"fusion-text\"><p><span style=\"color: #070707; background-color: #ffffff; font-size: 36pt;\">Contact<\/span><\/p>\n<\/div><div class=\"fusion-clearfix\"><\/div>\n\n\t\t\t\t\t<\/div>\n\t\t\t\t<\/div><\/div><\/div><div class=\"fusion-fullwidth fullwidth-box nonhundred-percent-fullwidth non-hundred-percent-height-scrolling\"  style='background-color: rgba(255,255,255,0);background-position: center center;background-repeat: no-repeat;padding-top:0px;padding-right:0px;padding-bottom:0px;padding-left:0px;'><div class=\"fusion-builder-row fusion-row \"><div  class=\"fusion-layout-column fusion_builder_column fusion_builder_column_1_2  fusion-one-half fusion-column-first 1_2\"  style='margin-top:0px;margin-bottom:20px;width:50%;width:calc(50% - ( ( 4% ) * 0.5 ) );margin-right: 4%;'>\n\t\t\t\t\t<div class=\"fusion-column-wrapper\" style=\"padding: 0px 0px 0px 0px;background-position:left top;background-repeat:no-repeat;-webkit-background-size:cover;-moz-background-size:cover;-o-background-size:cover;background-size:cover;\"  data-bg-url=\"\">\n\t\t\t\t\t\t<div class=\"fusion-text\"><section class=\"container description\">\n<p style=\"text-align: justify;\"><strong>HOLOFON ZRT.<\/strong><\/p>\n<section class=\"container information\">\n<div class=\"attainability\">\n<ul class=\"company-info\">\n<li><strong>VAT:<\/strong> HU12376540<\/li>\n<li><strong>Headquarters:<\/strong> H-2086 Tinnye, Perb\u00e1li \u00fat 2.<\/li>\n<li><strong>Operating site:<\/strong> H-2529 Annav\u00f6lgy, outside area 0232\/6 hrsz.<\/li>\n<li><strong>Postal address:<\/strong> H-2523 S\u00e1ris\u00e1p, mailbox 34<\/li>\n<li><strong>Phone: <\/strong><a href=\"tel:+36303840057\">+36 30 384 0057<\/a><\/li>\n<li><strong>Email:<\/strong>\u00a0<a href=\"mailto:info@holofon.hu\">info@holofon.hu<\/a><\/li>\n<\/ul>\n<\/div>\n<\/section>\n<section class=\"container team\">\n<p class=\"heading heading-6\"><strong>Team of Holofon:<\/strong><\/p>\n<ul>\n<li><strong>Zsigmond Farkasdi | <\/strong>production director<strong> |<\/strong><\/li>\n<li><strong>Endre G\u00f3r-Nagy<\/strong> | commercial director |<\/li>\n<li><strong>\u00c1d\u00e1m Horv\u00e1th<\/strong> | CEO |<\/li>\n<li><strong>Alexandra Horv\u00e1th-K\u00f3m\u00e1r<\/strong> | HR coordinator |<\/li>\n<li><strong>M\u00e1rton Paxi\u00e1n<\/strong> | purchasing director |<\/li>\n<li><strong>T\u00edmea Szab\u00f3<\/strong> | procurement administrator |<\/li>\n<li><strong>Vikt\u00f3ria Sz\u00e1ll\u00e1si<\/strong> | finance associate |<\/li>\n<\/ul>\n<\/section>\n<section class=\"container phonemenu\"><\/section>\n<section class=\"container\"><\/section>\n<\/section>\n<section class=\"container products\">\n<p style=\"text-align: justify;\">\n<\/section>\n<\/div><div class=\"fusion-clearfix\"><\/div>\n\n\t\t\t\t\t<\/div>\n\t\t\t\t<\/div><div  class=\"fusion-layout-column fusion_builder_column fusion_builder_column_1_2  fusion-one-half fusion-column-last 1_2\"  style='margin-top:0px;margin-bottom:20px;width:50%;width:calc(50% - ( ( 4% ) * 0.5 ) );'>\n\t\t\t\t\t<div class=\"fusion-column-wrapper\" style=\"padding: 0px 0px 0px 0px;background-position:left top;background-repeat:no-repeat;-webkit-background-size:cover;-moz-background-size:cover;-o-background-size:cover;background-size:cover;\"  data-bg-url=\"\">\n\t\t\t\t\t\t<div class=\"fusion-text\"><p>&nbsp;<\/p>\n<p class=\"heading heading-6\"><strong>ANNAV\u00d6LGY LOCATION<\/strong><\/p>\n<p><iframe loading=\"lazy\" style=\"border: 0;\" src=\"https:\/\/www.google.com\/maps\/embed?pb=!1m18!1m12!1m3!1d2685.9567758957405!2d18.661281415076974!3d47.68525939053501!2m3!1f0!2f0!3f0!3m2!1i1024!2i768!4f13.1!3m3!1m2!1s0x476a660d0515bf85%3A0x9c91a6f553c3882!2sHolofon+Zrt.!5e0!3m2!1shu!2shu!4v1554496017242!5m2!1shu!2shu\" width=\"80%\" height=\"300\" frameborder=\"0\" allowfullscreen=\"allowfullscreen\"><\/iframe><\/p>\n<\/div><div class=\"fusion-clearfix\"><\/div>\n\n\t\t\t\t\t<\/div>\n\t\t\t\t<\/div><\/div><\/div><div class=\"fusion-fullwidth fullwidth-box nonhundred-percent-fullwidth non-hundred-percent-height-scrolling\"  style='background-color: rgba(255,255,255,0);background-position: center center;background-repeat: no-repeat;padding-top:0px;padding-right:0px;padding-bottom:0px;padding-left:0px;'><div class=\"fusion-builder-row fusion-row \"><div  class=\"fusion-layout-column fusion_builder_column fusion_builder_column_1_1  fusion-one-full fusion-column-first fusion-column-last 1_1\"  style='margin-top:0px;margin-bottom:20px;'>\n\t\t\t\t\t<div class=\"fusion-column-wrapper\" style=\"padding: 0px 0px 0px 0px;background-position:left top;background-repeat:no-repeat;-webkit-background-size:cover;-moz-background-size:cover;-o-background-size:cover;background-size:cover;\"  data-bg-url=\"\">\n\t\t\t\t\t\t<div class=\"fusion-text\"><p><img loading=\"lazy\" decoding=\"async\" class=\"size-full wp-image-541\" src=\"https:\/\/www.holofon.hu\/wp-content\/uploads\/2025\/10\/DJI_0081-scaled.jpg\" alt=\"\" width=\"2560\" height=\"1440\" srcset=\"https:\/\/www.holofon.hu\/wp-content\/uploads\/2025\/10\/DJI_0081-200x113.jpg 200w, https:\/\/www.holofon.hu\/wp-content\/uploads\/2025\/10\/DJI_0081-300x169.jpg 300w, https:\/\/www.holofon.hu\/wp-content\/uploads\/2025\/10\/DJI_0081-400x225.jpg 400w, https:\/\/www.holofon.hu\/wp-content\/uploads\/2025\/10\/DJI_0081-600x338.jpg 600w, https:\/\/www.holofon.hu\/wp-content\/uploads\/2025\/10\/DJI_0081-768x432.jpg 768w, https:\/\/www.holofon.hu\/wp-content\/uploads\/2025\/10\/DJI_0081-800x450.jpg 800w, https:\/\/www.holofon.hu\/wp-content\/uploads\/2025\/10\/DJI_0081-1024x576.jpg 1024w, https:\/\/www.holofon.hu\/wp-content\/uploads\/2025\/10\/DJI_0081-1200x675.jpg 1200w, https:\/\/www.holofon.hu\/wp-content\/uploads\/2025\/10\/DJI_0081-1536x864.jpg 1536w, https:\/\/www.holofon.hu\/wp-content\/uploads\/2025\/10\/DJI_0081-scaled.jpg 2560w\" sizes=\"auto, (max-width: 2560px) 100vw, 2560px\" \/><\/p>\n<p style=\"text-align: center;\">Annav\u00f6lgy location<\/p>\n<\/div><div class=\"fusion-clearfix\"><\/div>\n\n\t\t\t\t\t<\/div>\n\t\t\t\t<\/div><\/div><\/div><\/p>","protected":false},"excerpt":{"rendered":"","protected":false},"author":2,"featured_media":0,"parent":0,"menu_order":0,"comment_status":"closed","ping_status":"closed","template":"100-width.php","meta":{"footnotes":""},"class_list":["post-15","page","type-page","status-publish","hentry"],"_links":{"self":[{"href":"https:\/\/www.holofon.hu\/en\/wp-json\/wp\/v2\/pages\/15","targetHints":{"allow":["GET"]}}],"collection":[{"href":"https:\/\/www.holofon.hu\/en\/wp-json\/wp\/v2\/pages"}],"about":[{"href":"https:\/\/www.holofon.hu\/en\/wp-json\/wp\/v2\/types\/page"}],"author":[{"embeddable":true,"href":"https:\/\/www.holofon.hu\/en\/wp-json\/wp\/v2\/users\/2"}],"replies":[{"embeddable":true,"href":"https:\/\/www.holofon.hu\/en\/wp-json\/wp\/v2\/comments?post=15"}],"version-history":[{"count":45,"href":"https:\/\/www.holofon.hu\/en\/wp-json\/wp\/v2\/pages\/15\/revisions"}],"predecessor-version":[{"id":545,"href":"https:\/\/www.holofon.hu\/en\/wp-json\/wp\/v2\/pages\/15\/revisions\/545"}],"wp:attachment":[{"href":"https:\/\/www.holofon.hu\/en\/wp-json\/wp\/v2\/media?parent=15"}],"curies":[{"name":"wp","href":"https:\/\/api.w.org\/{rel}","templated":true}]}}